{"id":543,"date":"2018-11-27T09:17:42","date_gmt":"2018-11-27T09:17:42","guid":{"rendered":"https:\/\/agrifrusa.com\/projects\/"},"modified":"2024-02-25T21:21:01","modified_gmt":"2024-02-25T21:21:01","slug":"frutasagrifrusa","status":"publish","type":"page","link":"https:\/\/agrifrusa.com\/en\/frutasagrifrusa\/","title":{"rendered":"Fruits"},"content":{"rendered":"<div data-elementor-type=\"wp-post\" data-elementor-id=\"543\" class=\"elementor elementor-543\" data-elementor-post-type=\"page\">\n\t\t\t\t<div class=\"elementor-element elementor-element-3bb306d e-con-full e-flex e-con e-parent\" data-id=\"3bb306d\" data-element_type=\"container\" data-settings=\"{&quot;background_background&quot;:&quot;classic&quot;,&quot;content_width&quot;:&quot;full&quot;}\" data-core-v316-plus=\"true\">\n\t\t<div class=\"elementor-element elementor-element-3ae883b e-con-full e-flex e-con e-child\" data-id=\"3ae883b\" data-element_type=\"container\" data-settings=\"{&quot;content_width&quot;:&quot;full&quot;}\">\n\t\t\t\t<div class=\"elementor-element elementor-element-b734056 elementor-widget elementor-widget-image\" data-id=\"b734056\" data-element_type=\"widget\" data-widget_type=\"image.default\">\n\t\t\t\t<div class=\"elementor-widget-container\">\n\t\t\t<style>\/*! elementor - v3.19.0 - 07-02-2024 *\/\n.elementor-widget-image{text-align:center}.elementor-widget-image a{display:inline-block}.elementor-widget-image a img[src$=\".svg\"]{width:48px}.elementor-widget-image img{vertical-align:middle;display:inline-block}<\/style>\t\t\t\t\t\t\t\t\t\t<img fetchpriority=\"high\" decoding=\"async\" width=\"1003\" height=\"333\" src=\"https:\/\/agrifrusa.com\/wp-content\/uploads\/2024\/02\/logo_Agrifru-02-1-100x33.png\" class=\"attachment-large size-large wp-image-1285\" alt=\"logo_agrifrusa\" srcset=\"https:\/\/agrifrusa.com\/wp-content\/uploads\/2024\/02\/logo_Agrifru-02-1.png 1x, https:\/\/agrifrusa.com\/wp-content\/uploads\/2024\/02\/cropped-Logo_Agrifrusa_menu.png 2x\" sizes=\"(max-width: 1003px) 100vw, 1003px\" \/>\t\t\t\t\t\t\t\t\t\t\t\t\t<\/div>\n\t\t\t\t<\/div>\n\t\t\t\t<div class=\"elementor-element elementor-element-4e8d918 elementor-widget elementor-widget-heading\" data-id=\"4e8d918\" data-element_type=\"widget\" data-widget_type=\"heading.default\">\n\t\t\t\t<div class=\"elementor-widget-container\">\n\t\t\t<style>\/*! elementor - v3.19.0 - 07-02-2024 *\/\n.elementor-heading-title{padding:0;margin:0;line-height:1}.elementor-widget-heading .elementor-heading-title[class*=elementor-size-]>a{color:inherit;font-size:inherit;line-height:inherit}.elementor-widget-heading .elementor-heading-title.elementor-size-small{font-size:15px}.elementor-widget-heading .elementor-heading-title.elementor-size-medium{font-size:19px}.elementor-widget-heading .elementor-heading-title.elementor-size-large{font-size:29px}.elementor-widget-heading .elementor-heading-title.elementor-size-xl{font-size:39px}.elementor-widget-heading .elementor-heading-title.elementor-size-xxl{font-size:59px}<\/style><h1 class=\"elementor-heading-title elementor-size-default\">Productos frescos<\/h1>\t\t<\/div>\n\t\t\t\t<\/div>\n\t\t\t\t<\/div>\n\t\t\t\t<\/div>\n\t\t\t\t<section class=\"elementor-section elementor-top-section elementor-element elementor-element-86kjav9 elementor-section-boxed elementor-section-height-default elementor-section-height-default\" data-id=\"86kjav9\" data-element_type=\"section\" data-settings=\"{&quot;background_background&quot;:&quot;classic&quot;}\">\n\t\t\t\t\t\t<div class=\"elementor-container elementor-column-gap-no\">\n\t\t\t\t\t<div class=\"elementor-column elementor-col-100 elementor-top-column elementor-element elementor-element-01b78b3\" data-id=\"01b78b3\" data-element_type=\"column\">\n\t\t\t<div class=\"elementor-widget-wrap elementor-element-populated\">\n\t\t\t\t\t\t<div class=\"elementor-element elementor-element-e611aa3 elementor-widget elementor-widget-heading\" data-id=\"e611aa3\" data-element_type=\"widget\" data-widget_type=\"heading.default\">\n\t\t\t\t<div class=\"elementor-widget-container\">\n\t\t\t<h2 class=\"elementor-heading-title elementor-size-default\">Nuestros productos<\/h2>\t\t<\/div>\n\t\t\t\t<\/div>\n\t\t\t\t<div class=\"elementor-element elementor-element-ffb5866 elementor-widget elementor-widget-text-editor\" data-id=\"ffb5866\" data-element_type=\"widget\" data-widget_type=\"text-editor.default\">\n\t\t\t\t<div class=\"elementor-widget-container\">\n\t\t\t<style>\/*! elementor - v3.19.0 - 07-02-2024 *\/\n.elementor-widget-text-editor.elementor-drop-cap-view-stacked .elementor-drop-cap{background-color:#69727d;color:#fff}.elementor-widget-text-editor.elementor-drop-cap-view-framed .elementor-drop-cap{color:#69727d;border:3px solid;background-color:transparent}.elementor-widget-text-editor:not(.elementor-drop-cap-view-default) .elementor-drop-cap{margin-top:8px}.elementor-widget-text-editor:not(.elementor-drop-cap-view-default) .elementor-drop-cap-letter{width:1em;height:1em}.elementor-widget-text-editor .elementor-drop-cap{float:left;text-align:center;line-height:1;font-size:50px}.elementor-widget-text-editor .elementor-drop-cap-letter{display:inline-block}<\/style>\t\t\t\t<p>Estos son los productos que ponemos a su disposici\u00f3n<\/p>\t\t\t\t\t\t<\/div>\n\t\t\t\t<\/div>\n\t\t\t\t\t<\/div>\n\t\t<\/div>\n\t\t\t\t\t<\/div>\n\t\t<\/section>\n\t\t<div class=\"elementor-element elementor-element-2bdfbea e-flex e-con-boxed e-con e-parent\" data-id=\"2bdfbea\" data-element_type=\"container\" data-settings=\"{&quot;content_width&quot;:&quot;boxed&quot;}\" data-core-v316-plus=\"true\">\n\t\t\t\t\t<div class=\"e-con-inner\">\n\t\t<div class=\"elementor-element elementor-element-efc0633 e-con-full e-flex e-con e-child\" data-id=\"efc0633\" data-element_type=\"container\" data-settings=\"{&quot;content_width&quot;:&quot;full&quot;}\">\n\t\t\t\t<div class=\"elementor-element elementor-element-1a86f4c elementor-widget elementor-widget-image\" data-id=\"1a86f4c\" data-element_type=\"widget\" data-widget_type=\"image.default\">\n\t\t\t\t<div class=\"elementor-widget-container\">\n\t\t\t\t\t\t\t\t\t\t\t\t\t<img decoding=\"async\" width=\"550\" height=\"550\" src=\"https:\/\/agrifrusa.com\/wp-content\/uploads\/2024\/02\/Platano_550.jpg\" class=\"attachment-large size-large wp-image-1660\" alt=\"Pl\u00e1tano Agrifrusa 550\" srcset=\"https:\/\/agrifrusa.com\/wp-content\/uploads\/2024\/02\/Platano_550.jpg 550w, https:\/\/agrifrusa.com\/wp-content\/uploads\/2024\/02\/Platano_550-300x300.jpg 300w, https:\/\/agrifrusa.com\/wp-content\/uploads\/2024\/02\/Platano_550-150x150.jpg 150w, https:\/\/agrifrusa.com\/wp-content\/uploads\/2024\/02\/Platano_550-12x12.jpg 12w\" sizes=\"(max-width: 550px) 100vw, 550px\" \/>\t\t\t\t\t\t\t\t\t\t\t\t\t<\/div>\n\t\t\t\t<\/div>\n\t\t\t\t<\/div>\n\t\t<div class=\"elementor-element elementor-element-96506aa e-con-full e-flex e-con e-child\" data-id=\"96506aa\" data-element_type=\"container\" data-settings=\"{&quot;content_width&quot;:&quot;full&quot;}\">\n\t\t<div class=\"elementor-element elementor-element-e568005 e-flex e-con-boxed e-con e-child\" data-id=\"e568005\" data-element_type=\"container\" data-settings=\"{&quot;content_width&quot;:&quot;boxed&quot;}\">\n\t\t\t\t\t<div class=\"e-con-inner\">\n\t\t\t\t<div class=\"elementor-element elementor-element-9dd5bc1 elementor-widget elementor-widget-heading\" data-id=\"9dd5bc1\" data-element_type=\"widget\" data-widget_type=\"heading.default\">\n\t\t\t\t<div class=\"elementor-widget-container\">\n\t\t\t<h2 class=\"elementor-heading-title elementor-size-default\">platain<\/h2>\t\t<\/div>\n\t\t\t\t<\/div>\n\t\t\t\t\t<\/div>\n\t\t\t\t<\/div>\n\t\t<div class=\"elementor-element elementor-element-6cb4e7c e-flex e-con-boxed e-con e-child\" data-id=\"6cb4e7c\" data-element_type=\"container\" data-settings=\"{&quot;content_width&quot;:&quot;boxed&quot;}\">\n\t\t\t\t\t<div class=\"e-con-inner\">\n\t\t\t\t<div class=\"elementor-element elementor-element-e8d09f2 elementor-widget elementor-widget-text-editor\" data-id=\"e8d09f2\" data-element_type=\"widget\" data-widget_type=\"text-editor.default\">\n\t\t\t\t<div class=\"elementor-widget-container\">\n\t\t\t\t\t\t\t<p>The platain must be washed and respectively fumigated with fungicide, for its respective packaging.<\/p><p>The platain must be free of scars, broken neck, red spot and must be cut on the same day of packaging.<\/p><p>The platain must be packaged according to technical parameters. required by the company Agroexport Ecuafruta S.A<\/p>\t\t\t\t\t\t<\/div>\n\t\t\t\t<\/div>\n\t\t\t\t\t<\/div>\n\t\t\t\t<\/div>\n\t\t<div class=\"elementor-element elementor-element-5e5e07b e-flex e-con-boxed e-con e-child\" data-id=\"5e5e07b\" data-element_type=\"container\" data-settings=\"{&quot;content_width&quot;:&quot;boxed&quot;}\">\n\t\t\t\t\t<div class=\"e-con-inner\">\n\t\t\t\t<div class=\"elementor-element elementor-element-6821cdb elementor-widget elementor-widget-image\" data-id=\"6821cdb\" data-element_type=\"widget\" data-widget_type=\"image.default\">\n\t\t\t\t<div class=\"elementor-widget-container\">\n\t\t\t\t\t\t\t\t\t\t\t\t\t<img decoding=\"async\" width=\"581\" height=\"103\" src=\"https:\/\/agrifrusa.com\/wp-content\/uploads\/2024\/02\/Certificados_1.png\" class=\"attachment-large size-large wp-image-1691\" alt=\"Certificados_banano\" srcset=\"https:\/\/agrifrusa.com\/wp-content\/uploads\/2024\/02\/Certificados_1.png 581w, https:\/\/agrifrusa.com\/wp-content\/uploads\/2024\/02\/Certificados_1-300x53.png 300w, https:\/\/agrifrusa.com\/wp-content\/uploads\/2024\/02\/Certificados_1-18x3.png 18w\" sizes=\"(max-width: 581px) 100vw, 581px\" \/>\t\t\t\t\t\t\t\t\t\t\t\t\t<\/div>\n\t\t\t\t<\/div>\n\t\t\t\t\t<\/div>\n\t\t\t\t<\/div>\n\t\t\t\t<\/div>\n\t\t\t\t\t<\/div>\n\t\t\t\t<\/div>\n\t\t<div class=\"elementor-element elementor-element-685174b e-flex e-con-boxed e-con e-parent\" data-id=\"685174b\" data-element_type=\"container\" data-settings=\"{&quot;content_width&quot;:&quot;boxed&quot;}\" data-core-v316-plus=\"true\">\n\t\t\t\t\t<div class=\"e-con-inner\">\n\t\t\t\t<div class=\"elementor-element elementor-element-5914b3c elementor-widget elementor-widget-heading\" data-id=\"5914b3c\" data-element_type=\"widget\" data-widget_type=\"heading.default\">\n\t\t\t\t<div class=\"elementor-widget-container\">\n\t\t\t<h2 class=\"elementor-heading-title elementor-size-default\">Especificaciones t\u00e9cnicas del pl\u00e1tano<\/h2>\t\t<\/div>\n\t\t\t\t<\/div>\n\t\t\t\t\t<\/div>\n\t\t\t\t<\/div>\n\t\t<div class=\"elementor-element elementor-element-029fb76 e-flex e-con-boxed e-con e-parent\" data-id=\"029fb76\" data-element_type=\"container\" data-settings=\"{&quot;background_background&quot;:&quot;classic&quot;,&quot;content_width&quot;:&quot;boxed&quot;}\" data-core-v316-plus=\"true\">\n\t\t\t\t\t<div class=\"e-con-inner\">\n\t\t<div class=\"elementor-element elementor-element-7d57184 e-con-full e-flex e-con e-child\" data-id=\"7d57184\" data-element_type=\"container\" data-settings=\"{&quot;content_width&quot;:&quot;full&quot;}\">\n\t\t\t\t<div class=\"elementor-element elementor-element-b23b4cf elementor-widget elementor-widget-image\" data-id=\"b23b4cf\" data-element_type=\"widget\" data-widget_type=\"image.default\">\n\t\t\t\t<div class=\"elementor-widget-container\">\n\t\t\t\t\t\t\t\t\t\t\t\t\t<img loading=\"lazy\" decoding=\"async\" width=\"215\" height=\"258\" src=\"https:\/\/agrifrusa.com\/wp-content\/uploads\/2024\/02\/img6.jpg\" class=\"attachment-large size-large wp-image-1669\" alt=\"pl\u00e1tano Agrifrusa\" srcset=\"https:\/\/agrifrusa.com\/wp-content\/uploads\/2024\/02\/img6.jpg 215w, https:\/\/agrifrusa.com\/wp-content\/uploads\/2024\/02\/img6-10x12.jpg 10w\" sizes=\"(max-width: 215px) 100vw, 215px\" \/>\t\t\t\t\t\t\t\t\t\t\t\t\t<\/div>\n\t\t\t\t<\/div>\n\t\t\t\t<\/div>\n\t\t<div class=\"elementor-element elementor-element-f58d3d1 e-con-full e-flex e-con e-child\" data-id=\"f58d3d1\" data-element_type=\"container\" data-settings=\"{&quot;content_width&quot;:&quot;full&quot;}\">\n\t\t\t\t<div class=\"elementor-element elementor-element-8c03266 elementor-widget elementor-widget-image\" data-id=\"8c03266\" data-element_type=\"widget\" data-widget_type=\"image.default\">\n\t\t\t\t<div class=\"elementor-widget-container\">\n\t\t\t\t\t\t\t\t\t\t\t\t\t<img loading=\"lazy\" decoding=\"async\" width=\"500\" height=\"500\" src=\"https:\/\/agrifrusa.com\/wp-content\/uploads\/2024\/02\/platano_solo.jpg\" class=\"attachment-large size-large wp-image-1668\" alt=\"pl\u00e1tano _ solo\" srcset=\"https:\/\/agrifrusa.com\/wp-content\/uploads\/2024\/02\/platano_solo.jpg 500w, https:\/\/agrifrusa.com\/wp-content\/uploads\/2024\/02\/platano_solo-300x300.jpg 300w, https:\/\/agrifrusa.com\/wp-content\/uploads\/2024\/02\/platano_solo-150x150.jpg 150w, https:\/\/agrifrusa.com\/wp-content\/uploads\/2024\/02\/platano_solo-12x12.jpg 12w\" sizes=\"(max-width: 500px) 100vw, 500px\" \/>\t\t\t\t\t\t\t\t\t\t\t\t\t<\/div>\n\t\t\t\t<\/div>\n\t\t\t\t<\/div>\n\t\t<div class=\"elementor-element elementor-element-385e056 e-con-full e-flex e-con e-child\" data-id=\"385e056\" data-element_type=\"container\" data-settings=\"{&quot;content_width&quot;:&quot;full&quot;}\">\n\t\t\t\t<div class=\"elementor-element elementor-element-bb64aef elementor-widget elementor-widget-text-editor\" data-id=\"bb64aef\" data-element_type=\"widget\" data-widget_type=\"text-editor.default\">\n\t\t\t\t<div class=\"elementor-widget-container\">\n\t\t\t\t\t\t\t<p>Scientific name<br \/>Family<br \/>Net weight<br \/>Gross weight<br \/>Length per finger <br \/>Thickness per finger<br \/>Boxes per pallet<br \/>Boxes per container<\/p>\t\t\t\t\t\t<\/div>\n\t\t\t\t<\/div>\n\t\t\t\t<\/div>\n\t\t<div class=\"elementor-element elementor-element-465e331 e-con-full e-flex e-con e-child\" data-id=\"465e331\" data-element_type=\"container\" data-settings=\"{&quot;content_width&quot;:&quot;full&quot;}\">\n\t\t\t\t<div class=\"elementor-element elementor-element-ff8d370 elementor-widget elementor-widget-text-editor\" data-id=\"ff8d370\" data-element_type=\"widget\" data-widget_type=\"text-editor.default\">\n\t\t\t\t<div class=\"elementor-widget-container\">\n\t\t\t\t\t\t\t<p>Musa Paradisiaca<br \/>Musaceae<br \/>50 pounds of fruit<br \/>52.5 lbs<br \/>Minimum 9 inches<br \/>Range between 52 to 58 degrees<br \/>54<br \/>1080<\/p>\t\t\t\t\t\t<\/div>\n\t\t\t\t<\/div>\n\t\t\t\t<\/div>\n\t\t\t\t\t<\/div>\n\t\t\t\t<\/div>\n\t\t\t\t<\/div>","protected":false},"excerpt":{"rendered":"<p>Productos frescos Nuestros productos Estos son los productos que ponemos a su disposici\u00f3n Pl\u00e1tano El pl\u00e1tano deber\u00e1 ser lavado y respectivamente fumigado con fungicida, para su respectivo empaque. El pl\u00e1tano debe estar libre de cicatrices, cuello roto, mancha roja y debe cortarse el mismo d\u00eda de embalaje. El pl\u00e1tano debe ser envasado seg\u00fan los par\u00e1metros [&hellip;]<\/p>","protected":false},"author":1,"featured_media":0,"parent":0,"menu_order":0,"comment_status":"closed","ping_status":"closed","template":"","meta":{"site-sidebar-layout":"no-sidebar","site-content-layout":"page-builder","ast-site-content-layout":"full-width-container","site-content-style":"unboxed","site-sidebar-style":"unboxed","ast-global-header-display":"","ast-banner-title-visibility":"","ast-main-header-display":"","ast-hfb-above-header-display":"","ast-hfb-below-header-display":"","ast-hfb-mobile-header-display":"","site-post-title":"disabled","ast-breadcrumbs-content":"","ast-featured-img":"disabled","footer-sml-layout":"","theme-transparent-header-meta":"enabled","adv-header-id-meta":"","stick-header-meta":"","header-above-stick-meta":"","header-main-stick-meta":"","header-below-stick-meta":"","astra-migrate-meta-layouts":"set","ast-page-background-enabled":"default","ast-page-background-meta":{"desktop":{"background-color":"","background-image":"","background-repeat":"repeat","background-position":"center center","background-size":"auto","background-attachment":"scroll","background-type":"","background-media":"","overlay-type":"","overlay-color":"","overlay-gradient":""},"tablet":{"background-color":"","background-image":"","background-repeat":"repeat","background-position":"center center","background-size":"auto","background-attachment":"scroll","background-type":"","background-media":"","overlay-type":"","overlay-color":"","overlay-gradient":""},"mobile":{"background-color":"","background-image":"","background-repeat":"repeat","background-position":"center center","background-size":"auto","background-attachment":"scroll","background-type":"","background-media":"","overlay-type":"","overlay-color":"","overlay-gradient":""}},"ast-content-background-meta":{"desktop":{"background-color":"var(--ast-global-color-5)","background-image":"","background-repeat":"repeat","background-position":"center center","background-size":"auto","background-attachment":"scroll","background-type":"","background-media":"","overlay-type":"","overlay-color":"","overlay-gradient":""},"tablet":{"background-color":"var(--ast-global-color-5)","background-image":"","background-repeat":"repeat","background-position":"center center","background-size":"auto","background-attachment":"scroll","background-type":"","background-media":"","overlay-type":"","overlay-color":"","overlay-gradient":""},"mobile":{"background-color":"var(--ast-global-color-5)","background-image":"","background-repeat":"repeat","background-position":"center center","background-size":"auto","background-attachment":"scroll","background-type":"","background-media":"","overlay-type":"","overlay-color":"","overlay-gradient":""}},"footnotes":""},"class_list":["post-543","page","type-page","status-publish","hentry"],"_links":{"self":[{"href":"https:\/\/agrifrusa.com\/en\/wp-json\/wp\/v2\/pages\/543","targetHints":{"allow":["GET"]}}],"collection":[{"href":"https:\/\/agrifrusa.com\/en\/wp-json\/wp\/v2\/pages"}],"about":[{"href":"https:\/\/agrifrusa.com\/en\/wp-json\/wp\/v2\/types\/page"}],"author":[{"embeddable":true,"href":"https:\/\/agrifrusa.com\/en\/wp-json\/wp\/v2\/users\/1"}],"replies":[{"embeddable":true,"href":"https:\/\/agrifrusa.com\/en\/wp-json\/wp\/v2\/comments?post=543"}],"version-history":[{"count":49,"href":"https:\/\/agrifrusa.com\/en\/wp-json\/wp\/v2\/pages\/543\/revisions"}],"predecessor-version":[{"id":1724,"href":"https:\/\/agrifrusa.com\/en\/wp-json\/wp\/v2\/pages\/543\/revisions\/1724"}],"wp:attachment":[{"href":"https:\/\/agrifrusa.com\/en\/wp-json\/wp\/v2\/media?parent=543"}],"curies":[{"name":"wp","href":"https:\/\/api.w.org\/{rel}","templated":true}]}}